{"id":2994,"date":"2025-09-08T01:54:01","date_gmt":"2025-09-08T01:54:01","guid":{"rendered":"https:\/\/cphpcda.pe\/?page_id=2994"},"modified":"2025-09-08T01:58:01","modified_gmt":"2025-09-08T01:58:01","slug":"colegiados","status":"publish","type":"page","link":"https:\/\/cphpcda.pe\/index.php\/colegiados\/","title":{"rendered":"Colegiados"},"content":{"rendered":"\t\t<div data-elementor-type=\"wp-page\" data-elementor-id=\"2994\" class=\"elementor elementor-2994\">\n\t\t\t\t\t\t<section class=\"elementor-section elementor-top-section elementor-element elementor-element-85ab64f elementor-section-boxed elementor-section-height-default elementor-section-height-default\" data-id=\"85ab64f\" data-element_type=\"section\">\n\t\t\t\t\t\t<div class=\"elementor-container elementor-column-gap-default\">\n\t\t\t\t\t<div class=\"elementor-column elementor-col-100 elementor-top-column elementor-element elementor-element-79329bf\" data-id=\"79329bf\" data-element_type=\"column\">\n\t\t\t<div class=\"elementor-widget-wrap elementor-element-populated\">\n\t\t\t\t\t\t<div class=\"elementor-element elementor-element-6b5169f elementor-widget elementor-widget-text-editor\" data-id=\"6b5169f\" data-element_type=\"widget\" data-widget_type=\"text-editor.default\">\n\t\t\t\t\t\t\t\t\t<p>Padr\u00f3n General de Colegiados<br \/>En este espacio podr\u00e1s consultar el listado completo de colegiados registrados en nuestra instituci\u00f3n.<br \/>El padr\u00f3n incluye tanto a los socios activos como a los socios inactivos, con el fin de brindar transparencia y acceso a la informaci\u00f3n.<br \/>Utiliza el buscador para filtrar por:<\/p><p><br \/>N\u00famero de DNI<br \/>Nombre o Apellido<br \/>C\u00f3digo de Colegiaci\u00f3n<\/p><p>De esta manera, podr\u00e1s encontrar f\u00e1cilmente a cualquier colegiado y conocer el estado actual de su colegiatura.<\/p>\t\t\t\t\t\t\t\t<\/div>\n\t\t\t\t\t<\/div>\n\t\t<\/div>\n\t\t\t\t\t<\/div>\n\t\t<\/section>\n\t\t\t\t<section class=\"elementor-section elementor-top-section elementor-element elementor-element-66f4f67 elementor-section-boxed elementor-section-height-default elementor-section-height-default\" data-id=\"66f4f67\" data-element_type=\"section\">\n\t\t\t\t\t\t<div class=\"elementor-container elementor-column-gap-default\">\n\t\t\t\t\t<div class=\"elementor-column elementor-col-100 elementor-top-column elementor-element elementor-element-53d9d84\" data-id=\"53d9d84\" data-element_type=\"column\">\n\t\t\t<div class=\"elementor-widget-wrap elementor-element-populated\">\n\t\t\t\t\t\t<div class=\"elementor-element elementor-element-996b992 elementor-widget elementor-widget-shortcode\" data-id=\"996b992\" data-element_type=\"widget\" data-widget_type=\"shortcode.default\">\n\t\t\t\t\t\t\t<div class=\"elementor-shortcode\"><div class=\"wrap pdb-list pdb-instance-1 participants-database\" id=\"participants-list-1\">\n  \n<div class=\"pdb-searchform\">\n<div class=\"pdb-error pdb-search-error\" style=\"display:none\">\n<p class=\"search_field_error\">Seleccione un columna para buscar.<\/p>\n<p class=\"value_error\">Por favor, escriba algo para buscar.<\/p>\n<\/div>\n<form method=\"post\" class=\"sort_filter_form\" action=\"https:\/\/cphpcda.pe\/index.php\/colegiados\/#participants-list-1\" data-ref=\"update\">\n<input name=\"action\" type=\"hidden\" value=\"pdb_list_filter\" \/>\n\n<input name=\"target_instance\" type=\"hidden\" value=\"1\" \/>\n\n<input name=\"instance_index\" type=\"hidden\" value=\"1\" \/>\n\n<input name=\"pagelink\" type=\"hidden\" value=\"\/index.php\/wp-json\/wp\/v2\/pages\/2994?listpage=%1$s\" \/>\n\n<fieldset class=\"widefat inline-controls\">\n<legend>Buscar::<\/legend>\n<select name=\"search_field\" id=\"pdb-search_field-2\" class=\"search-item\">\n<option value=\"none\">((escoger))<\/option>\n<option value=\"dni\">DNI<\/option>\n<option value=\"apellido_paterno\">Apellido Paterno<\/option>\n<option value=\"apellido_materno\">Apellido Materno<\/option>\n<option value=\"nombres\">Nombres<\/option>\n<option value=\"n_de_colegiatura\">N\u00b0 de Colegiatura<\/option>\n<option value=\"estado\">Estado<\/option>\n<\/select>\n\n<input name=\"operator\" type=\"hidden\" class=\"search-item\" value=\"LIKE\" \/>\n<input name=\"value\" id=\"participant_search_term\" class=\"search-item\" type=\"text\" value=\"\" \/>\n\n<input name=\"submit_button\" class=\"search-form-submit\" data-submit=\"search\" type=\"submit\" value=\"Buscar\">\n<input name=\"submit_button\" class=\"search-form-clear\" data-submit=\"clear\" type=\"submit\" value=\"Limpiar\">\n<\/fieldset>\n<\/form><\/div>  <table class=\"wp-list-table widefat fixed pages list-container\" >\n\n              \n\n    \n      <thead>\n        <tr>\n          <th class=\"dni\" scope=\"col\">DNI<\/th><th class=\"apellido_paterno\" scope=\"col\">Apellido Paterno<\/th><th class=\"apellido_materno\" scope=\"col\">Apellido Materno<\/th><th class=\"nombres\" scope=\"col\">Nombres<\/th><th class=\"n_de_colegiatura\" scope=\"col\">N\u00b0 de Colegiatura<\/th><th class=\"estado\" scope=\"col\">Estado<\/th>        <\/tr>\n      <\/thead>\n\n      <tbody>\n                    <tr>\n    \n              <td class=\"dni-field\">\n                \n      28312024              <\/td>\n\n          \n              <td class=\"apellido_paterno-field\">\n                \n      CACERES              <\/td>\n\n          \n              <td class=\"apellido_materno-field\">\n                \n      ESPINOZA              <\/td>\n\n          \n              <td class=\"nombres-field\">\n                \n      RAMON              <\/td>\n\n          \n              <td class=\"n_de_colegiatura-field\">\n                \n      CPHAy - 0050              <\/td>\n\n          \n              <td class=\"estado-field\">\n                \n      Activo              <\/td>\n\n                    <\/tr>\n            <tr>\n    \n              <td class=\"dni-field\">\n                \n      28314413              <\/td>\n\n          \n              <td class=\"apellido_paterno-field\">\n                \n      PRETELL              <\/td>\n\n          \n              <td class=\"apellido_materno-field\">\n                \n      APAICO              <\/td>\n\n          \n              <td class=\"nombres-field\">\n                \n      WILFREDO GUILLERMO              <\/td>\n\n          \n              <td class=\"n_de_colegiatura-field\">\n                \n      CPHAy - 0049              <\/td>\n\n          \n              <td class=\"estado-field\">\n                \n      Activo              <\/td>\n\n                    <\/tr>\n            <tr>\n    \n              <td class=\"dni-field\">\n                \n      42088964              <\/td>\n\n          \n              <td class=\"apellido_paterno-field\">\n                \n      CISNEROS              <\/td>\n\n          \n              <td class=\"apellido_materno-field\">\n                \n      VASQUEZ              <\/td>\n\n          \n              <td class=\"nombres-field\">\n                \n      RODOLFO              <\/td>\n\n          \n              <td class=\"n_de_colegiatura-field\">\n                \n      CPHAy - 0048              <\/td>\n\n          \n              <td class=\"estado-field\">\n                \n      Activo              <\/td>\n\n                    <\/tr>\n            <tr>\n    \n              <td class=\"dni-field\">\n                \n      41771832              <\/td>\n\n          \n              <td class=\"apellido_paterno-field\">\n                \n      CASTRO              <\/td>\n\n          \n              <td class=\"apellido_materno-field\">\n                \n      A\u00d1A\u00d1OS              <\/td>\n\n          \n              <td class=\"nombres-field\">\n                \n      DUNIA              <\/td>\n\n          \n              <td class=\"n_de_colegiatura-field\">\n                \n      CPHAy - 0047              <\/td>\n\n          \n              <td class=\"estado-field\">\n                \n      Activo              <\/td>\n\n                    <\/tr>\n            <tr>\n    \n              <td class=\"dni-field\">\n                \n      29160366              <\/td>\n\n          \n              <td class=\"apellido_paterno-field\">\n                \n      GUTI\u00c9RREZ              <\/td>\n\n          \n              <td class=\"apellido_materno-field\">\n                \n      MART\u00cdNEZ              <\/td>\n\n          \n              <td class=\"nombres-field\">\n                \n      JUAN BENIGNO              <\/td>\n\n          \n              <td class=\"n_de_colegiatura-field\">\n                \n      CPHAy - 0046              <\/td>\n\n          \n              <td class=\"estado-field\">\n                \n      Activo              <\/td>\n\n                    <\/tr>\n            <tr>\n    \n              <td class=\"dni-field\">\n                \n      44185712              <\/td>\n\n          \n              <td class=\"apellido_paterno-field\">\n                \n      CALLE              <\/td>\n\n          \n              <td class=\"apellido_materno-field\">\n                \n      SUAREZ              <\/td>\n\n          \n              <td class=\"nombres-field\">\n                \n      C\u00c9SAR HARRY              <\/td>\n\n          \n              <td class=\"n_de_colegiatura-field\">\n                \n      CPHAy - 0045              <\/td>\n\n          \n              <td class=\"estado-field\">\n                \n      Activo              <\/td>\n\n                    <\/tr>\n            <tr>\n    \n              <td class=\"dni-field\">\n                \n      40804880              <\/td>\n\n          \n              <td class=\"apellido_paterno-field\">\n                \n      VENTURA              <\/td>\n\n          \n              <td class=\"apellido_materno-field\">\n                \n      YUPANQUI              <\/td>\n\n          \n              <td class=\"nombres-field\">\n                \n      MARIZA ANTONIA              <\/td>\n\n          \n              <td class=\"n_de_colegiatura-field\">\n                \n      CPHAy - 0044              <\/td>\n\n          \n              <td class=\"estado-field\">\n                \n      Activo              <\/td>\n\n                    <\/tr>\n            <tr>\n    \n              <td class=\"dni-field\">\n                \n      41126191              <\/td>\n\n          \n              <td class=\"apellido_paterno-field\">\n                \n      TABOADA              <\/td>\n\n          \n              <td class=\"apellido_materno-field\">\n                \n      PALACIOS              <\/td>\n\n          \n              <td class=\"nombres-field\">\n                \n      FREDDY              <\/td>\n\n          \n              <td class=\"n_de_colegiatura-field\">\n                \n      CPHAy - 0043              <\/td>\n\n          \n              <td class=\"estado-field\">\n                \n      Activo              <\/td>\n\n                    <\/tr>\n            <tr>\n    \n              <td class=\"dni-field\">\n                \n      28310762              <\/td>\n\n          \n              <td class=\"apellido_paterno-field\">\n                \n      ORTEGA              <\/td>\n\n          \n              <td class=\"apellido_materno-field\">\n                \n      ROJAS              <\/td>\n\n          \n              <td class=\"nombres-field\">\n                \n      CARLOS FERNANDO              <\/td>\n\n          \n              <td class=\"n_de_colegiatura-field\">\n                \n      CPHAy - 0042              <\/td>\n\n          \n              <td class=\"estado-field\">\n                \n      Activo              <\/td>\n\n                    <\/tr>\n            <tr>\n    \n              <td class=\"dni-field\">\n                \n      41925841              <\/td>\n\n          \n              <td class=\"apellido_paterno-field\">\n                \n      UCHARIMA              <\/td>\n\n          \n              <td class=\"apellido_materno-field\">\n                \n      QUISPE              <\/td>\n\n          \n              <td class=\"nombres-field\">\n                \n      YOLA MARUJA              <\/td>\n\n          \n              <td class=\"n_de_colegiatura-field\">\n                \n      CPHAy - 0040              <\/td>\n\n          \n              <td class=\"estado-field\">\n                \n      Activo              <\/td>\n\n                    <\/tr>\n        <\/tbody>\n\n\n  <\/table>\n  <div data-action=\"pdb_list_filter\" class=\"pagination pdb-pagination \"><ul><li class=\"disabled\"><span><span title=\"Anterior\" class=\"dashicons dashicons-previous-page\"><\/span><\/span><\/li> <li class=\"currentpage\"><span>1<\/span><\/li> <li class=\"direct-page\"><a href=\"\/index.php\/wp-json\/wp\/v2\/pages\/2994?listpage=2&amp;instance=1\" data-page=\"2\">2<\/a><\/li><li class=\"direct-page\"><a href=\"\/index.php\/wp-json\/wp\/v2\/pages\/2994?listpage=3&amp;instance=1\" data-page=\"3\">3<\/a><\/li><li class=\"direct-page\"><a href=\"\/index.php\/wp-json\/wp\/v2\/pages\/2994?listpage=4&amp;instance=1\" data-page=\"4\">4<\/a><\/li><li class=\"direct-page\"><a href=\"\/index.php\/wp-json\/wp\/v2\/pages\/2994?listpage=5&amp;instance=1\" data-page=\"5\">5<\/a><\/li><li class=\"nextpage\"><a title=\"Siguiente\" href=\"\/index.php\/wp-json\/wp\/v2\/pages\/2994?listpage=2&amp;instance=1\" data-page=\"2\"><span class=\"dashicons dashicons-next-page\"><\/span><\/a><\/li><\/ul><\/div><\/div>\n<\/div>\n\t\t\t\t\t\t<\/div>\n\t\t\t\t\t<\/div>\n\t\t<\/div>\n\t\t\t\t\t<\/div>\n\t\t<\/section>\n\t\t\t\t<\/div>\n\t\t","protected":false},"excerpt":{"rendered":"<p>Padr\u00f3n General de ColegiadosEn este espacio podr\u00e1s consultar el listado completo de colegiados registrados en nuestra instituci\u00f3n.El padr\u00f3n incluye tanto a los socios activos como a los socios inactivos, con el fin de brindar transparencia y acceso a la informaci\u00f3n.Utiliza el buscador para filtrar por: N\u00famero de DNINombre o ApellidoC\u00f3digo de Colegiaci\u00f3n De esta manera,&#8230;<\/p>\n","protected":false},"author":1,"featured_media":0,"parent":0,"menu_order":0,"comment_status":"closed","ping_status":"closed","template":"","meta":{"_kad_post_transparent":"","_kad_post_title":"hide","_kad_post_layout":"fullwidth","_kad_post_sidebar_id":"","_kad_post_content_style":"unboxed","_kad_post_vertical_padding":"hide","_kad_post_feature":"hide","_kad_post_feature_position":"","_kad_post_header":false,"_kad_post_footer":false,"footnotes":""},"class_list":["post-2994","page","type-page","status-publish","hentry"],"aioseo_notices":[],"_links":{"self":[{"href":"https:\/\/cphpcda.pe\/index.php\/wp-json\/wp\/v2\/pages\/2994","targetHints":{"allow":["GET"]}}],"collection":[{"href":"https:\/\/cphpcda.pe\/index.php\/wp-json\/wp\/v2\/pages"}],"about":[{"href":"https:\/\/cphpcda.pe\/index.php\/wp-json\/wp\/v2\/types\/page"}],"author":[{"embeddable":true,"href":"https:\/\/cphpcda.pe\/index.php\/wp-json\/wp\/v2\/users\/1"}],"replies":[{"embeddable":true,"href":"https:\/\/cphpcda.pe\/index.php\/wp-json\/wp\/v2\/comments?post=2994"}],"version-history":[{"count":4,"href":"https:\/\/cphpcda.pe\/index.php\/wp-json\/wp\/v2\/pages\/2994\/revisions"}],"predecessor-version":[{"id":2998,"href":"https:\/\/cphpcda.pe\/index.php\/wp-json\/wp\/v2\/pages\/2994\/revisions\/2998"}],"wp:attachment":[{"href":"https:\/\/cphpcda.pe\/index.php\/wp-json\/wp\/v2\/media?parent=2994"}],"curies":[{"name":"wp","href":"https:\/\/api.w.org\/{rel}","templated":true}]}}