{"id":2882,"date":"2025-09-05T02:54:41","date_gmt":"2025-09-05T02:54:41","guid":{"rendered":"https:\/\/cphpcda.pe\/?page_id=2882"},"modified":"2025-09-08T01:50:29","modified_gmt":"2025-09-08T01:50:29","slug":"buscarcolegiados","status":"publish","type":"page","link":"https:\/\/cphpcda.pe\/index.php\/buscarcolegiados\/","title":{"rendered":"Buscar colegiados"},"content":{"rendered":"\t\t<div data-elementor-type=\"wp-page\" data-elementor-id=\"2882\" class=\"elementor elementor-2882\">\n\t\t\t\t\t\t<section class=\"elementor-section elementor-top-section elementor-element elementor-element-648f3f2 elementor-section-boxed elementor-section-height-default elementor-section-height-default\" data-id=\"648f3f2\" data-element_type=\"section\">\n\t\t\t\t\t\t<div class=\"elementor-container elementor-column-gap-default\">\n\t\t\t\t\t<div class=\"elementor-column elementor-col-100 elementor-top-column elementor-element elementor-element-5557f79\" data-id=\"5557f79\" data-element_type=\"column\">\n\t\t\t<div class=\"elementor-widget-wrap elementor-element-populated\">\n\t\t\t\t\t\t<div class=\"elementor-element elementor-element-ba20831 elementor-widget elementor-widget-text-editor\" data-id=\"ba20831\" data-element_type=\"widget\" data-widget_type=\"text-editor.default\">\n\t\t\t\t\t\t\t\t\t<p>\u00a0<\/p><p>Bienvenido(a) al sistema de consulta de colegiatura<\/p><p>Aqu\u00ed podr\u00e1s verificar tu informaci\u00f3n de manera r\u00e1pida y sencilla.<br \/>Solo debes ingresar uno de los siguientes datos en el buscador:<\/p><ul><li>N\u00famero de DNI<br \/>Nombre<br \/>Apellido<br \/>C\u00f3digo de colegiaci\u00f3n<\/li><\/ul><p>Luego presiona el bot\u00f3n \u201cBuscar\u201d y el sistema te mostrar\u00e1 el estado de tu colegiatura.<\/p>\t\t\t\t\t\t\t\t<\/div>\n\t\t\t\t<div class=\"elementor-element elementor-element-59bebe3 elementor-widget elementor-widget-shortcode\" data-id=\"59bebe3\" data-element_type=\"widget\" data-widget_type=\"shortcode.default\">\n\t\t\t\t\t\t\t<div class=\"elementor-shortcode\"><div class=\"wrap pdb-list pdb-instance-1 participants-database\" id=\"participants-list-1\">\n  \n<div class=\"pdb-searchform\">\n<div class=\"pdb-error pdb-search-error\" style=\"display:none\">\n<p class=\"search_field_error\">Seleccione un columna para buscar.<\/p>\n<p class=\"value_error\">Por favor, escriba algo para buscar.<\/p>\n<\/div>\n<form method=\"post\" class=\"sort_filter_form\" action=\"https:\/\/cphpcda.pe\/index.php\/buscarcolegiados\/#participants-list-1\" data-ref=\"update\">\n<input name=\"action\" type=\"hidden\" value=\"pdb_list_filter\" \/>\n\n<input name=\"target_instance\" type=\"hidden\" value=\"1\" \/>\n\n<input name=\"instance_index\" type=\"hidden\" value=\"1\" \/>\n\n<input name=\"pagelink\" type=\"hidden\" value=\"\/index.php\/wp-json\/wp\/v2\/pages\/2882?listpage=%1$s\" \/>\n\n<fieldset class=\"widefat inline-controls\">\n<legend>Buscar::<\/legend>\n<select name=\"search_field\" id=\"pdb-search_field-2\" class=\"search-item\">\n<option value=\"none\">((escoger))<\/option>\n<option value=\"dni\">DNI<\/option>\n<option value=\"apellido_paterno\">Apellido Paterno<\/option>\n<option value=\"apellido_materno\">Apellido Materno<\/option>\n<option value=\"nombres\">Nombres<\/option>\n<option value=\"estado\">Estado<\/option>\n<option value=\"n_de_colegiatura\">N\u00b0 de Colegiatura<\/option>\n<\/select>\n\n<input name=\"operator\" type=\"hidden\" class=\"search-item\" value=\"LIKE\" \/>\n<input name=\"value\" id=\"participant_search_term\" class=\"search-item\" type=\"text\" value=\"\" \/>\n\n<input name=\"submit_button\" class=\"search-form-submit\" data-submit=\"search\" type=\"submit\" value=\"Buscar\">\n<input name=\"submit_button\" class=\"search-form-clear\" data-submit=\"clear\" type=\"submit\" value=\"Limpiar\">\n<\/fieldset>\n<\/form><\/div>  <table class=\"wp-list-table widefat fixed pages list-container\" >\n\n              \n\n    \n      <tbody>\n        <tr>\n          <td><\/td>\n        <\/tr>\n      <\/tbody>\n\n\n  <\/table>\n  <\/div><\/div>\n\t\t\t\t\t\t<\/div>\n\t\t\t\t\t<\/div>\n\t\t<\/div>\n\t\t\t\t\t<\/div>\n\t\t<\/section>\n\t\t\t\t<section class=\"elementor-section elementor-top-section elementor-element elementor-element-1e059e1 elementor-section-boxed elementor-section-height-default elementor-section-height-default\" data-id=\"1e059e1\" data-element_type=\"section\">\n\t\t\t\t\t\t<div class=\"elementor-container elementor-column-gap-default\">\n\t\t\t\t\t<div class=\"elementor-column elementor-col-50 elementor-top-column elementor-element elementor-element-8d93cf4\" data-id=\"8d93cf4\" data-element_type=\"column\">\n\t\t\t<div class=\"elementor-widget-wrap\">\n\t\t\t\t\t\t\t<\/div>\n\t\t<\/div>\n\t\t\t\t<div class=\"elementor-column elementor-col-50 elementor-top-column elementor-element elementor-element-4ca07c3\" data-id=\"4ca07c3\" data-element_type=\"column\">\n\t\t\t<div class=\"elementor-widget-wrap\">\n\t\t\t\t\t\t\t<\/div>\n\t\t<\/div>\n\t\t\t\t\t<\/div>\n\t\t<\/section>\n\t\t\t\t<\/div>\n\t\t","protected":false},"excerpt":{"rendered":"<p>\u00a0 Bienvenido(a) al sistema de consulta de colegiatura Aqu\u00ed podr\u00e1s verificar tu informaci\u00f3n de manera r\u00e1pida y sencilla.Solo debes ingresar uno de los siguientes datos en el buscador: N\u00famero de DNINombreApellidoC\u00f3digo de colegiaci\u00f3n Luego presiona el bot\u00f3n \u201cBuscar\u201d y el sistema te mostrar\u00e1 el estado de tu colegiatura.<\/p>\n","protected":false},"author":1,"featured_media":0,"parent":0,"menu_order":0,"comment_status":"closed","ping_status":"closed","template":"","meta":{"_kad_post_transparent":"","_kad_post_title":"hide","_kad_post_layout":"fullwidth","_kad_post_sidebar_id":"","_kad_post_content_style":"unboxed","_kad_post_vertical_padding":"hide","_kad_post_feature":"hide","_kad_post_feature_position":"","_kad_post_header":false,"_kad_post_footer":false,"footnotes":""},"class_list":["post-2882","page","type-page","status-publish","hentry"],"aioseo_notices":[],"_links":{"self":[{"href":"https:\/\/cphpcda.pe\/index.php\/wp-json\/wp\/v2\/pages\/2882","targetHints":{"allow":["GET"]}}],"collection":[{"href":"https:\/\/cphpcda.pe\/index.php\/wp-json\/wp\/v2\/pages"}],"about":[{"href":"https:\/\/cphpcda.pe\/index.php\/wp-json\/wp\/v2\/types\/page"}],"author":[{"embeddable":true,"href":"https:\/\/cphpcda.pe\/index.php\/wp-json\/wp\/v2\/users\/1"}],"replies":[{"embeddable":true,"href":"https:\/\/cphpcda.pe\/index.php\/wp-json\/wp\/v2\/comments?post=2882"}],"version-history":[{"count":29,"href":"https:\/\/cphpcda.pe\/index.php\/wp-json\/wp\/v2\/pages\/2882\/revisions"}],"predecessor-version":[{"id":2993,"href":"https:\/\/cphpcda.pe\/index.php\/wp-json\/wp\/v2\/pages\/2882\/revisions\/2993"}],"wp:attachment":[{"href":"https:\/\/cphpcda.pe\/index.php\/wp-json\/wp\/v2\/media?parent=2882"}],"curies":[{"name":"wp","href":"https:\/\/api.w.org\/{rel}","templated":true}]}}